{"id":208,"date":"2023-09-02T17:31:52","date_gmt":"2023-09-02T15:31:52","guid":{"rendered":"https:\/\/hundesaloon.de\/hunderassen\/?page_id=208"},"modified":"2023-10-30T18:51:50","modified_gmt":"2023-10-30T17:51:50","slug":"uebersicht-der-hunderassen-mit-dem-anfangsbuchstaben-c","status":"publish","type":"page","link":"https:\/\/hundesaloon.de\/hunderassen\/uebersicht-der-hunderassen-mit-dem-anfangsbuchstaben-c","title":{"rendered":"\u00dcbersicht der Hunderassen mit dem Anfangsbuchstaben C"},"content":{"rendered":"<hr \/>\n<ol>\n<li>CA DE BESTIAR<\/li>\n<li>CAIRN TERRIER<\/li>\n<li>CANAAN DOG<\/li>\n<li>CANADIAN ESKIMO DOG<\/li>\n<li>CANE CORSO ITALIANO<\/li>\n<li>CANE DA PASTORE BERGAMASCO<\/li>\n<li>CANE DA PASTORE MAREMMANO-ABRUZZESE<\/li>\n<li>CANICHE<\/li>\n<li>C\u00c3O DA SERRA DA ESTRELA<\/li>\n<li>C\u00c3O DA SERRA DE AIRES<\/li>\n<li>C\u00c3O DE AGUA PORTUGU\u00caS<\/li>\n<li>C\u00c3O DE CASTRO LABOREIRO<\/li>\n<li>C\u00c3O DE GADO TRANSMONTANO<\/li>\n<li>C\u00c3O FILA DE S\u00c3O MIGUEL<\/li>\n<li>CAVALIER KING CHARLES SPANIEL<\/li>\n<li>CESKOSLOVENSK\u00dd VLCIAK<\/li>\n<li>CESK\u00dd FOUSEK<\/li>\n<li>CESK\u00dd TERIER<\/li>\n<li>CHART POLSKI<\/li>\n<li>CHESAPEAKE BAY RETRIEVER<\/li>\n<li>CHIEN D&#8217;ARTOIS<\/li>\n<li>CHIEN DE BERGER BELGE<\/li>\n<li>CHIEN DE BERGER DES PYRENEES A FACE RASE<\/li>\n<li>CHIEN DE BERGER DES PYRENEES A POIL LONG<\/li>\n<li>CHIEN DE MONTAGNE DES PYRENEES<\/li>\n<li>CHIEN DE SAINT HUBERT<\/li>\n<li>CHIHUAHUE\u00d1O<\/li>\n<li>CHIN<\/li>\n<li>CHINESE CRESTED DOG<\/li>\n<li>CHODSKY PES<\/li>\n<li>CHOW CHOW<\/li>\n<li>CIMARR\u00d3N URUGUAYO<\/li>\n<li>CIOBANESC ROM\u00c2NESC CARPATIN<\/li>\n<li>CIOBANESC ROM\u00c2NESC DE BUCOVINA<\/li>\n<li>CIOBANESC ROM\u00c2NESC MIORITIC<\/li>\n<li>CIRNECO DELL&#8217;ETNA<\/li>\n<li>CLUMBER SPANIEL<\/li>\n<li>COLLIE ROUGH<\/li>\n<li>COLLIE SMOOTH<\/li>\n<li>CONTINENTAL BULLDOG<\/li>\n<li>COTON DE TULEAR<\/li>\n<li>CRNOGORSKI PLANINSKI GONIC<\/li>\n<li>CURLY COATED RETRIEVER<\/li>\n<\/ol>\n","protected":false},"excerpt":{"rendered":"<p>CA DE BESTIAR CAIRN TERRIER CANAAN DOG CANADIAN ESKIMO DOG CANE CORSO ITALIANO CANE DA PASTORE BERGAMASCO CANE DA PASTORE MAREMMANO-ABRUZZESE CANICHE C\u00c3O DA SERRA DA ESTRELA C\u00c3O DA SERRA DE AIRES C\u00c3O DE AGUA PORTUGU\u00caS C\u00c3O DE CASTRO LABOREIRO C\u00c3O DE GADO TRANSMONTANO C\u00c3O FILA DE S\u00c3O MIGUEL CAVALIER KING CHARLES SPANIEL CESKOSLOVENSK\u00dd VLCIAK&#8230;<\/p>\n","protected":false},"author":1,"featured_media":0,"parent":0,"menu_order":0,"comment_status":"closed","ping_status":"closed","template":"","meta":{"footnotes":""},"class_list":["post-208","page","type-page","status-publish","hentry"],"_links":{"self":[{"href":"https:\/\/hundesaloon.de\/hunderassen\/wp-json\/wp\/v2\/pages\/208","targetHints":{"allow":["GET"]}}],"collection":[{"href":"https:\/\/hundesaloon.de\/hunderassen\/wp-json\/wp\/v2\/pages"}],"about":[{"href":"https:\/\/hundesaloon.de\/hunderassen\/wp-json\/wp\/v2\/types\/page"}],"author":[{"embeddable":true,"href":"https:\/\/hundesaloon.de\/hunderassen\/wp-json\/wp\/v2\/users\/1"}],"replies":[{"embeddable":true,"href":"https:\/\/hundesaloon.de\/hunderassen\/wp-json\/wp\/v2\/comments?post=208"}],"version-history":[{"count":3,"href":"https:\/\/hundesaloon.de\/hunderassen\/wp-json\/wp\/v2\/pages\/208\/revisions"}],"predecessor-version":[{"id":495,"href":"https:\/\/hundesaloon.de\/hunderassen\/wp-json\/wp\/v2\/pages\/208\/revisions\/495"}],"wp:attachment":[{"href":"https:\/\/hundesaloon.de\/hunderassen\/wp-json\/wp\/v2\/media?parent=208"}],"curies":[{"name":"wp","href":"https:\/\/api.w.org\/{rel}","templated":true}]}}