{"id":211,"date":"2023-09-02T17:35:02","date_gmt":"2023-09-02T15:35:02","guid":{"rendered":"https:\/\/hundesaloon.de\/hunderassen\/?page_id=211"},"modified":"2023-10-30T18:52:16","modified_gmt":"2023-10-30T17:52:16","slug":"uebersicht-der-hunderassen-mit-dem-anfangsbuchstaben-d","status":"publish","type":"page","link":"https:\/\/hundesaloon.de\/hunderassen\/uebersicht-der-hunderassen-mit-dem-anfangsbuchstaben-d","title":{"rendered":"\u00dcbersicht der Hunderassen mit dem Anfangsbuchstaben D"},"content":{"rendered":"<hr \/>\n<ol>\n<li>DACHSHUND<\/li>\n<li>DALMATINSKI PAS<\/li>\n<li>DANDIE DINMONT TERRIER<\/li>\n<li>DANSK-SVENSK G\u00c5RDSHUND<\/li>\n<li>DEERHOUND<\/li>\n<li>DEUTSCH DRAHTHAAR<\/li>\n<li>DEUTSCH KURZHAAR<\/li>\n<li>DEUTSCH LANGHAAR<\/li>\n<li>DEUTSCH STICHELHAAR<\/li>\n<li>DEUTSCHE BRACKE<\/li>\n<li>DEUTSCHE DOGGE<\/li>\n<li>DEUTSCHER BOXER<\/li>\n<li>DEUTSCHER JAGDTERRIER<\/li>\n<li>DEUTSCHER PINSCHER<\/li>\n<li>DEUTSCHER SCH\u00c4FERHUND<\/li>\n<li>DEUTSCHER SPITZ<\/li>\n<li>DEUTSCHER WACHTELHUND<\/li>\n<li>DOBERMANN<\/li>\n<li>DOGO ARGENTINO<\/li>\n<li>DOGUE DE BORDEAUX<\/li>\n<li>DO-KHYI<\/li>\n<li>DRENTSCHE PATRIJSHOND<\/li>\n<li>DREVER<\/li>\n<li>DR\u00d6TZ\u00d6R\u00dc MAGYAR VIZSLA<\/li>\n<li>DUNKER<\/li>\n<\/ol>\n","protected":false},"excerpt":{"rendered":"<p>DACHSHUND DALMATINSKI PAS DANDIE DINMONT TERRIER DANSK-SVENSK G\u00c5RDSHUND DEERHOUND DEUTSCH DRAHTHAAR DEUTSCH KURZHAAR DEUTSCH LANGHAAR DEUTSCH STICHELHAAR DEUTSCHE BRACKE DEUTSCHE DOGGE DEUTSCHER BOXER DEUTSCHER JAGDTERRIER DEUTSCHER PINSCHER DEUTSCHER SCH\u00c4FERHUND DEUTSCHER SPITZ DEUTSCHER WACHTELHUND DOBERMANN DOGO ARGENTINO DOGUE DE BORDEAUX DO-KHYI DRENTSCHE PATRIJSHOND DREVER DR\u00d6TZ\u00d6R\u00dc MAGYAR VIZSLA DUNKER<\/p>\n","protected":false},"author":1,"featured_media":0,"parent":0,"menu_order":0,"comment_status":"closed","ping_status":"closed","template":"","meta":{"footnotes":""},"class_list":["post-211","page","type-page","status-publish","hentry"],"_links":{"self":[{"href":"https:\/\/hundesaloon.de\/hunderassen\/wp-json\/wp\/v2\/pages\/211","targetHints":{"allow":["GET"]}}],"collection":[{"href":"https:\/\/hundesaloon.de\/hunderassen\/wp-json\/wp\/v2\/pages"}],"about":[{"href":"https:\/\/hundesaloon.de\/hunderassen\/wp-json\/wp\/v2\/types\/page"}],"author":[{"embeddable":true,"href":"https:\/\/hundesaloon.de\/hunderassen\/wp-json\/wp\/v2\/users\/1"}],"replies":[{"embeddable":true,"href":"https:\/\/hundesaloon.de\/hunderassen\/wp-json\/wp\/v2\/comments?post=211"}],"version-history":[{"count":3,"href":"https:\/\/hundesaloon.de\/hunderassen\/wp-json\/wp\/v2\/pages\/211\/revisions"}],"predecessor-version":[{"id":496,"href":"https:\/\/hundesaloon.de\/hunderassen\/wp-json\/wp\/v2\/pages\/211\/revisions\/496"}],"wp:attachment":[{"href":"https:\/\/hundesaloon.de\/hunderassen\/wp-json\/wp\/v2\/media?parent=211"}],"curies":[{"name":"wp","href":"https:\/\/api.w.org\/{rel}","templated":true}]}}