{"id":235,"date":"2023-09-02T17:44:40","date_gmt":"2023-09-02T15:44:40","guid":{"rendered":"https:\/\/hundesaloon.de\/hunderassen\/?page_id=235"},"modified":"2023-10-30T18:58:19","modified_gmt":"2023-10-30T17:58:19","slug":"uebersicht-der-hunderassen-mit-dem-anfangsbuchstaben-p","status":"publish","type":"page","link":"https:\/\/hundesaloon.de\/hunderassen\/uebersicht-der-hunderassen-mit-dem-anfangsbuchstaben-p","title":{"rendered":"\u00dcbersicht der Hunderassen mit dem Anfangsbuchstaben P"},"content":{"rendered":"<hr \/>\n<ol>\n<li>PARSON RUSSELL TERRIER<\/li>\n<li>PEKINGESE<\/li>\n<li>PERDIGUEIRO PORTUGU\u00caS<\/li>\n<li>PERDIGUERO DE BURGOS<\/li>\n<li>PERRO DE AGUA ESPA\u00d1OL<\/li>\n<li>PERRO DOGO MALLORQU\u00cdN<\/li>\n<li>PERRO SIN PELO DEL PER\u00da<\/li>\n<li>PETIT BASSET GRIFFON VENDEEN<\/li>\n<li>PETIT BLEU DE GASCOGNE<\/li>\n<li>PETIT BRABAN\u00c7ON<\/li>\n<li>PETIT CHIEN LION<\/li>\n<li>PHARAOH HOUND<\/li>\n<li>PICCOLO LEVRIERO ITALIANO<\/li>\n<li>PODENCO CANARIO<\/li>\n<li>PODENCO IBICENCO<\/li>\n<li>PODENGO PORTUGU\u00caS<\/li>\n<li>POITEVIN<\/li>\n<li>POLSKI OWCZAREK NIZINNY<\/li>\n<li>POLSKI OWCZAREK PODHALANSKI<\/li>\n<li>PORCELAINE<\/li>\n<li>POSAVSKI GONIC<\/li>\n<li>PRAZSKY KRYSARIK<\/li>\n<li>PRESA CANARIO<\/li>\n<li>PUDELPOINTER<\/li>\n<li>PUG<\/li>\n<li>PULI<\/li>\n<li>PUMI<\/li>\n<\/ol>\n","protected":false},"excerpt":{"rendered":"<p>PARSON RUSSELL TERRIER PEKINGESE PERDIGUEIRO PORTUGU\u00caS PERDIGUERO DE BURGOS PERRO DE AGUA ESPA\u00d1OL PERRO DOGO MALLORQU\u00cdN PERRO SIN PELO DEL PER\u00da PETIT BASSET GRIFFON VENDEEN PETIT BLEU DE GASCOGNE PETIT BRABAN\u00c7ON PETIT CHIEN LION PHARAOH HOUND PICCOLO LEVRIERO ITALIANO PODENCO CANARIO PODENCO IBICENCO PODENGO PORTUGU\u00caS POITEVIN POLSKI OWCZAREK NIZINNY POLSKI OWCZAREK PODHALANSKI PORCELAINE POSAVSKI GONIC&#8230;<\/p>\n","protected":false},"author":1,"featured_media":0,"parent":0,"menu_order":0,"comment_status":"closed","ping_status":"closed","template":"","meta":{"footnotes":""},"class_list":["post-235","page","type-page","status-publish","hentry"],"_links":{"self":[{"href":"https:\/\/hundesaloon.de\/hunderassen\/wp-json\/wp\/v2\/pages\/235","targetHints":{"allow":["GET"]}}],"collection":[{"href":"https:\/\/hundesaloon.de\/hunderassen\/wp-json\/wp\/v2\/pages"}],"about":[{"href":"https:\/\/hundesaloon.de\/hunderassen\/wp-json\/wp\/v2\/types\/page"}],"author":[{"embeddable":true,"href":"https:\/\/hundesaloon.de\/hunderassen\/wp-json\/wp\/v2\/users\/1"}],"replies":[{"embeddable":true,"href":"https:\/\/hundesaloon.de\/hunderassen\/wp-json\/wp\/v2\/comments?post=235"}],"version-history":[{"count":3,"href":"https:\/\/hundesaloon.de\/hunderassen\/wp-json\/wp\/v2\/pages\/235\/revisions"}],"predecessor-version":[{"id":507,"href":"https:\/\/hundesaloon.de\/hunderassen\/wp-json\/wp\/v2\/pages\/235\/revisions\/507"}],"wp:attachment":[{"href":"https:\/\/hundesaloon.de\/hunderassen\/wp-json\/wp\/v2\/media?parent=235"}],"curies":[{"name":"wp","href":"https:\/\/api.w.org\/{rel}","templated":true}]}}