{"id":239,"date":"2023-09-02T17:46:40","date_gmt":"2023-09-02T15:46:40","guid":{"rendered":"https:\/\/hundesaloon.de\/hunderassen\/?page_id=239"},"modified":"2023-10-30T18:58:46","modified_gmt":"2023-10-30T17:58:46","slug":"uebersicht-der-hunderassen-mit-dem-anfangsbuchstaben-r","status":"publish","type":"page","link":"https:\/\/hundesaloon.de\/hunderassen\/uebersicht-der-hunderassen-mit-dem-anfangsbuchstaben-r","title":{"rendered":"\u00dcbersicht der Hunderassen mit dem Anfangsbuchstaben R"},"content":{"rendered":"<hr \/>\n<ol>\n<li>RAFEIRO DO ALENTEJO<\/li>\n<li>RASTREADOR BRASILEIRO<\/li>\n<li>RHODESIAN RIDGEBACK<\/li>\n<li>RIESENSCHNAUZER<\/li>\n<li>ROTTWEILER<\/li>\n<li>R\u00d6VIDSZ\u00d6R\u00dc MAGYAR VIZSLA<\/li>\n<li>RUSSKAYA PSOVAYA BORZAYA<\/li>\n<li>RUSSKIY TCHIORNY TERRIER<\/li>\n<li>RUSSKIY TOY<\/li>\n<li>RUSSKO-EVROPE\u00cfSKA\u00cfA LA\u00cfKA<\/li>\n<\/ol>\n","protected":false},"excerpt":{"rendered":"<p>RAFEIRO DO ALENTEJO RASTREADOR BRASILEIRO RHODESIAN RIDGEBACK RIESENSCHNAUZER ROTTWEILER R\u00d6VIDSZ\u00d6R\u00dc MAGYAR VIZSLA RUSSKAYA PSOVAYA BORZAYA RUSSKIY TCHIORNY TERRIER RUSSKIY TOY RUSSKO-EVROPE\u00cfSKA\u00cfA LA\u00cfKA<\/p>\n","protected":false},"author":1,"featured_media":0,"parent":0,"menu_order":0,"comment_status":"closed","ping_status":"closed","template":"","meta":{"footnotes":""},"class_list":["post-239","page","type-page","status-publish","hentry"],"_links":{"self":[{"href":"https:\/\/hundesaloon.de\/hunderassen\/wp-json\/wp\/v2\/pages\/239","targetHints":{"allow":["GET"]}}],"collection":[{"href":"https:\/\/hundesaloon.de\/hunderassen\/wp-json\/wp\/v2\/pages"}],"about":[{"href":"https:\/\/hundesaloon.de\/hunderassen\/wp-json\/wp\/v2\/types\/page"}],"author":[{"embeddable":true,"href":"https:\/\/hundesaloon.de\/hunderassen\/wp-json\/wp\/v2\/users\/1"}],"replies":[{"embeddable":true,"href":"https:\/\/hundesaloon.de\/hunderassen\/wp-json\/wp\/v2\/comments?post=239"}],"version-history":[{"count":3,"href":"https:\/\/hundesaloon.de\/hunderassen\/wp-json\/wp\/v2\/pages\/239\/revisions"}],"predecessor-version":[{"id":508,"href":"https:\/\/hundesaloon.de\/hunderassen\/wp-json\/wp\/v2\/pages\/239\/revisions\/508"}],"wp:attachment":[{"href":"https:\/\/hundesaloon.de\/hunderassen\/wp-json\/wp\/v2\/media?parent=239"}],"curies":[{"name":"wp","href":"https:\/\/api.w.org\/{rel}","templated":true}]}}